{"id":744,"date":"2020-10-26T17:43:52","date_gmt":"2020-10-26T16:43:52","guid":{"rendered":"https:\/\/www.massage-natuerligsund.ch\/wordpress\/?page_id=744"},"modified":"2026-02-15T10:25:06","modified_gmt":"2026-02-15T09:25:06","slug":"ueber-mich","status":"publish","type":"page","link":"https:\/\/www.massage-natuerligsund.ch\/?page_id=744","title":{"rendered":"\u00dcber mich"},"content":{"rendered":"\t\t<div data-elementor-type=\"wp-page\" data-elementor-id=\"744\" class=\"elementor elementor-744\" data-elementor-settings=\"[]\">\n\t\t\t\t\t\t<div class=\"elementor-inner\">\n\t\t\t\t\t\t\t<div class=\"elementor-section-wrap\">\n\t\t\t\t\t\t\t<section class=\"elementor-section elementor-top-section elementor-element elementor-element-87cc24e elementor-section-full_width elementor-section-height-min-height elementor-section-height-default elementor-section-items-middle\" data-id=\"87cc24e\" data-element_type=\"section\" data-settings=\"{&quot;background_background&quot;:&quot;classic&quot;}\">\n\t\t\t\t\t\t\t<div class=\"elementor-background-overlay\"><\/div>\n\t\t\t\t\t\t\t<div class=\"elementor-container elementor-column-gap-default\">\n\t\t\t\t\t\t\t<div class=\"elementor-row\">\n\t\t\t\t\t<div class=\"elementor-column elementor-col-100 elementor-top-column elementor-element elementor-element-1356916\" data-id=\"1356916\" data-element_type=\"column\">\n\t\t\t<div class=\"elementor-column-wrap elementor-element-populated\">\n\t\t\t\t\t\t\t<div class=\"elementor-widget-wrap\">\n\t\t\t\t\t\t<section class=\"elementor-section elementor-inner-section elementor-element elementor-element-75d2525 elementor-section-boxed elementor-section-height-default elementor-section-height-default\" data-id=\"75d2525\" data-element_type=\"section\" data-settings=\"{&quot;background_background&quot;:&quot;classic&quot;}\">\n\t\t\t\t\t\t<div class=\"elementor-container elementor-column-gap-default\">\n\t\t\t\t\t\t\t<div class=\"elementor-row\">\n\t\t\t\t\t<div class=\"elementor-column elementor-col-100 elementor-inner-column elementor-element elementor-element-c4d8414\" data-id=\"c4d8414\" data-element_type=\"column\" data-settings=\"{&quot;background_background&quot;:&quot;classic&quot;}\">\n\t\t\t<div class=\"elementor-column-wrap elementor-element-populated\">\n\t\t\t\t\t\t\t<div class=\"elementor-widget-wrap\">\n\t\t\t\t\t\t<div class=\"elementor-element elementor-element-f40eefb elementor-widget elementor-widget-heading\" data-id=\"f40eefb\" data-element_type=\"widget\" data-widget_type=\"heading.default\">\n\t\t\t\t<div class=\"elementor-widget-container\">\n\t\t\t<span class=\"elementor-heading-title elementor-size-default\">\u00dcber mich<\/span>\t\t<\/div>\n\t\t\t\t<\/div>\n\t\t\t\t\t\t<\/div>\n\t\t\t\t\t<\/div>\n\t\t<\/div>\n\t\t\t\t\t\t\t\t<\/div>\n\t\t\t\t\t<\/div>\n\t\t<\/section>\n\t\t\t\t\t\t<\/div>\n\t\t\t\t\t<\/div>\n\t\t<\/div>\n\t\t\t\t\t\t\t\t<\/div>\n\t\t\t\t\t<\/div>\n\t\t<\/section>\n\t\t\t\t<section class=\"elementor-section elementor-top-section elementor-element elementor-element-c105110 elementor-section-boxed elementor-section-height-default elementor-section-height-default\" data-id=\"c105110\" data-element_type=\"section\">\n\t\t\t\t\t\t<div class=\"elementor-container elementor-column-gap-narrow\">\n\t\t\t\t\t\t\t<div class=\"elementor-row\">\n\t\t\t\t\t<div class=\"elementor-column elementor-col-100 elementor-top-column elementor-element elementor-element-97d7286\" data-id=\"97d7286\" data-element_type=\"column\">\n\t\t\t<div class=\"elementor-column-wrap elementor-element-populated\">\n\t\t\t\t\t\t\t<div class=\"elementor-widget-wrap\">\n\t\t\t\t\t\t<section class=\"elementor-section elementor-inner-section elementor-element elementor-element-90a1218 elementor-section-boxed elementor-section-height-default elementor-section-height-default\" data-id=\"90a1218\" data-element_type=\"section\">\n\t\t\t\t\t\t<div class=\"elementor-container elementor-column-gap-default\">\n\t\t\t\t\t\t\t<div class=\"elementor-row\">\n\t\t\t\t\t<div class=\"elementor-column elementor-col-50 elementor-inner-column elementor-element elementor-element-ee00e5d\" data-id=\"ee00e5d\" data-element_type=\"column\">\n\t\t\t<div class=\"elementor-column-wrap elementor-element-populated\">\n\t\t\t\t\t\t\t<div class=\"elementor-widget-wrap\">\n\t\t\t\t\t\t<div class=\"elementor-element elementor-element-560d115 elementor-widget elementor-widget-image\" data-id=\"560d115\" data-element_type=\"widget\" data-widget_type=\"image.default\">\n\t\t\t\t<div class=\"elementor-widget-container\">\n\t\t\t\t\t\t\t\t<div class=\"elementor-image\">\n\t\t\t\t\t\t\t\t\t\t\t\t<img src=\"https:\/\/www.massage-natuerligsund.ch\/wordpress\/wp-content\/uploads\/elementor\/thumbs\/DSC_3014-scaled-px3yq4jtzvbvty4dy9c15zkzrmnkpxzvczj6znftj4.jpg\" title=\"DSC_3014\" alt=\"DSC_3014\" \/>\t\t\t\t\t\t\t\t\t\t\t\t\t\t<\/div>\n\t\t\t\t\t\t<\/div>\n\t\t\t\t<\/div>\n\t\t\t\t\t\t<\/div>\n\t\t\t\t\t<\/div>\n\t\t<\/div>\n\t\t\t\t<div class=\"elementor-column elementor-col-50 elementor-inner-column elementor-element elementor-element-15db36d\" data-id=\"15db36d\" data-element_type=\"column\">\n\t\t\t<div class=\"elementor-column-wrap elementor-element-populated\">\n\t\t\t\t\t\t\t<div class=\"elementor-widget-wrap\">\n\t\t\t\t\t\t<div class=\"elementor-element elementor-element-33edb82 elementor-widget elementor-widget-text-editor\" data-id=\"33edb82\" data-element_type=\"widget\" data-widget_type=\"text-editor.default\">\n\t\t\t\t<div class=\"elementor-widget-container\">\n\t\t\t\t\t\t\t\t<div class=\"elementor-text-editor elementor-clearfix\">\n\t\t\t\t<p><b>Nat\u00fcrliGsund<\/b><\/p><p>Der Bezug zur Natur, zu den Bergen und B\u00e4chen ist ein grosser Teil von mir. Der K\u00f6rper wie auch die Psyche kann sich in der Natur am Besten erholen.<br \/>Als medizinische Masseurin versuche ich die\u00a0<strong>nat\u00fcrliche\u00a0<\/strong>Selbstheilung des K\u00f6rpers zu unterst\u00fctzen und die\u00a0<strong>Gesundheit\u00a0<\/strong>pr\u00e4ventiv zu erhalten.<\/p><p>\u00a0<\/p><p><strong>Ausbildung:<\/strong><\/p><p>Medizinische Massage mit eidg. FA\u00a0\u00a0<br \/>St.Galler medizinische Fachschule, 2016 \u2013 2018<\/p><p>Hydrotherapie nach Kneipp\u00a0<br \/>Sebastian-Kneipp-Schule, 2017<\/p><p>Lymphdrainage-und \u00d6demtherapeutin\u00a0<br \/>Feldbergklinik Dr. Asdonk, 2017<\/p><p>\u00a0 \u00a0 \u00a0 \u00a0 \u00a0 \u00a0Arzt-und Spitalsekret\u00e4rin<br \/>\u00a0 \u00a0 \u00a0 \u00a0 \u00a0 \u00a0Juventus- Schule f\u00fcr Medizin, 2022<\/p><p>\u00a0 \u00a0 \u00a0 \u00a0 \u00a0 \u00a0PiatesCare REHA Trainerin<br \/>\u00a0 \u00a0 \u00a0 \u00a0 \u00a0 \u00a0PilatesCare GmbH Z\u00fcrich, 2023<\/p><p><strong>Weiterbildung:<\/strong><\/p><p>Extrakorporale Stosswellentherapie<br \/>AcuMax-Bad Zurzach<\/p><p>Schwingkissentherapie nach Beeler<br \/>Bodyfeet AG<\/p>\t\t\t\t\t<\/div>\n\t\t\t\t\t\t<\/div>\n\t\t\t\t<\/div>\n\t\t\t\t\t\t<\/div>\n\t\t\t\t\t<\/div>\n\t\t<\/div>\n\t\t\t\t\t\t\t\t<\/div>\n\t\t\t\t\t<\/div>\n\t\t<\/section>\n\t\t\t\t\t\t<\/div>\n\t\t\t\t\t<\/div>\n\t\t<\/div>\n\t\t\t\t\t\t\t\t<\/div>\n\t\t\t\t\t<\/div>\n\t\t<\/section>\n\t\t\t\t<section class=\"elementor-section elementor-top-section elementor-element elementor-element-48f6083 elementor-section-boxed elementor-section-height-default elementor-section-height-default\" data-id=\"48f6083\" data-element_type=\"section\">\n\t\t\t\t\t\t<div class=\"elementor-container elementor-column-gap-default\">\n\t\t\t\t\t\t\t<div class=\"elementor-row\">\n\t\t\t\t\t<div class=\"elementor-column elementor-col-100 elementor-top-column elementor-element elementor-element-9f70b1a\" data-id=\"9f70b1a\" data-element_type=\"column\">\n\t\t\t<div class=\"elementor-column-wrap elementor-element-populated\">\n\t\t\t\t\t\t\t<div class=\"elementor-widget-wrap\">\n\t\t\t\t\t\t<div class=\"elementor-element elementor-element-391d4cc elementor-widget elementor-widget-spacer\" data-id=\"391d4cc\" data-element_type=\"widget\" data-widget_type=\"spacer.default\">\n\t\t\t\t<div class=\"elementor-widget-container\">\n\t\t\t\t\t<div class=\"elementor-spacer\">\n\t\t\t<div class=\"elementor-spacer-inner\"><\/div>\n\t\t<\/div>\n\t\t\t\t<\/div>\n\t\t\t\t<\/div>\n\t\t\t\t\t\t<\/div>\n\t\t\t\t\t<\/div>\n\t\t<\/div>\n\t\t\t\t\t\t\t\t<\/div>\n\t\t\t\t\t<\/div>\n\t\t<\/section>\n\t\t\t\t\t\t<\/div>\n\t\t\t\t\t\t<\/div>\n\t\t\t\t\t<\/div>\n\t\t","protected":false},"excerpt":{"rendered":"<p>\u00dcber mich Nat\u00fcrliGsund Der Bezug zur Natur, zu den Bergen und B\u00e4chen ist ein grosser Teil von mir. Der K\u00f6rper wie auch die Psyche kann sich in der Natur am Besten erholen.Als medizinische Masseurin versuche ich die\u00a0nat\u00fcrliche\u00a0Selbstheilung des K\u00f6rpers zu unterst\u00fctzen und die\u00a0Gesundheit\u00a0pr\u00e4ventiv zu erhalten. \u00a0 Ausbildung: Medizinische Massage mit eidg. FA\u00a0\u00a0St.Galler medizinische Fachschule, 2016 [&hellip;]<\/p>\n","protected":false},"author":1,"featured_media":0,"parent":0,"menu_order":0,"comment_status":"closed","ping_status":"closed","template":"","meta":{"_ti_tpc_template_sync":false,"_ti_tpc_template_id":""},"_links":{"self":[{"href":"https:\/\/www.massage-natuerligsund.ch\/index.php?rest_route=\/wp\/v2\/pages\/744"}],"collection":[{"href":"https:\/\/www.massage-natuerligsund.ch\/index.php?rest_route=\/wp\/v2\/pages"}],"about":[{"href":"https:\/\/www.massage-natuerligsund.ch\/index.php?rest_route=\/wp\/v2\/types\/page"}],"author":[{"embeddable":true,"href":"https:\/\/www.massage-natuerligsund.ch\/index.php?rest_route=\/wp\/v2\/users\/1"}],"replies":[{"embeddable":true,"href":"https:\/\/www.massage-natuerligsund.ch\/index.php?rest_route=%2Fwp%2Fv2%2Fcomments&post=744"}],"version-history":[{"count":91,"href":"https:\/\/www.massage-natuerligsund.ch\/index.php?rest_route=\/wp\/v2\/pages\/744\/revisions"}],"predecessor-version":[{"id":2364,"href":"https:\/\/www.massage-natuerligsund.ch\/index.php?rest_route=\/wp\/v2\/pages\/744\/revisions\/2364"}],"wp:attachment":[{"href":"https:\/\/www.massage-natuerligsund.ch\/index.php?rest_route=%2Fwp%2Fv2%2Fmedia&parent=744"}],"curies":[{"name":"wp","href":"https:\/\/api.w.org\/{rel}","templated":true}]}}