{"id":447,"date":"2020-10-23T22:35:15","date_gmt":"2020-10-23T20:35:15","guid":{"rendered":"https:\/\/www.massage-natuerligsund.ch\/wordpress\/?page_id=447"},"modified":"2026-02-15T11:27:51","modified_gmt":"2026-02-15T10:27:51","slug":"start","status":"publish","type":"page","link":"https:\/\/www.massage-natuerligsund.ch\/","title":{"rendered":"Home"},"content":{"rendered":"\t\t<div data-elementor-type=\"wp-page\" data-elementor-id=\"447\" class=\"elementor elementor-447\" data-elementor-settings=\"[]\">\n\t\t\t\t\t\t<div class=\"elementor-inner\">\n\t\t\t\t\t\t\t<div class=\"elementor-section-wrap\">\n\t\t\t\t\t\t\t<section class=\"elementor-section elementor-top-section elementor-element elementor-element-77bf9f2 elementor-section-boxed elementor-section-height-default elementor-section-height-default\" data-id=\"77bf9f2\" data-element_type=\"section\">\n\t\t\t\t\t\t<div class=\"elementor-container elementor-column-gap-default\">\n\t\t\t\t\t\t\t<div class=\"elementor-row\">\n\t\t\t\t\t<div class=\"elementor-column elementor-col-100 elementor-top-column elementor-element elementor-element-4a13b99\" data-id=\"4a13b99\" data-element_type=\"column\" data-settings=\"{&quot;background_background&quot;:&quot;classic&quot;}\">\n\t\t\t<div class=\"elementor-column-wrap elementor-element-populated\">\n\t\t\t\t\t\t\t<div class=\"elementor-widget-wrap\">\n\t\t\t\t\t\t<div class=\"elementor-element elementor-element-ce629a0 elementor-widget elementor-widget-image\" data-id=\"ce629a0\" data-element_type=\"widget\" data-widget_type=\"image.default\">\n\t\t\t\t<div class=\"elementor-widget-container\">\n\t\t\t\t\t\t\t\t<div class=\"elementor-image\">\n\t\t\t\t\t\t\t\t\t\t\t\t<img width=\"500\" height=\"500\" src=\"https:\/\/www.massage-natuerligsund.ch\/wordpress\/wp-content\/uploads\/2025\/09\/4b660576-ec50-4a66-bf58-61bb3baccc8b.png-1.png\" class=\"attachment-large size-large\" alt=\"\" loading=\"lazy\" srcset=\"https:\/\/www.massage-natuerligsund.ch\/wordpress\/wp-content\/uploads\/2025\/09\/4b660576-ec50-4a66-bf58-61bb3baccc8b.png-1.png 500w, https:\/\/www.massage-natuerligsund.ch\/wordpress\/wp-content\/uploads\/2025\/09\/4b660576-ec50-4a66-bf58-61bb3baccc8b.png-1-300x300.png 300w, https:\/\/www.massage-natuerligsund.ch\/wordpress\/wp-content\/uploads\/2025\/09\/4b660576-ec50-4a66-bf58-61bb3baccc8b.png-1-150x150.png 150w\" sizes=\"(max-width: 500px) 100vw, 500px\" \/>\t\t\t\t\t\t\t\t\t\t\t\t\t\t<\/div>\n\t\t\t\t\t\t<\/div>\n\t\t\t\t<\/div>\n\t\t\t\t\t\t<\/div>\n\t\t\t\t\t<\/div>\n\t\t<\/div>\n\t\t\t\t\t\t\t\t<\/div>\n\t\t\t\t\t<\/div>\n\t\t<\/section>\n\t\t\t\t<section class=\"elementor-section elementor-top-section elementor-element elementor-element-7f945f6 elementor-section-boxed elementor-section-height-default elementor-section-height-default\" data-id=\"7f945f6\" data-element_type=\"section\">\n\t\t\t\t\t\t<div class=\"elementor-container elementor-column-gap-default\">\n\t\t\t\t\t\t\t<div class=\"elementor-row\">\n\t\t\t\t\t<div class=\"elementor-column elementor-col-100 elementor-top-column elementor-element elementor-element-5bf8187\" data-id=\"5bf8187\" data-element_type=\"column\">\n\t\t\t<div class=\"elementor-column-wrap elementor-element-populated\">\n\t\t\t\t\t\t\t<div class=\"elementor-widget-wrap\">\n\t\t\t\t\t\t<div class=\"elementor-element elementor-element-57c84fb elementor-widget elementor-widget-ekit-nav-menu\" data-id=\"57c84fb\" data-element_type=\"widget\" data-widget_type=\"ekit-nav-menu.default\">\n\t\t\t\t<div class=\"elementor-widget-container\">\n\t\t\t<div class=\"ekit-wid-con ekit_menu_responsive_tablet\" data-hamburger-icon=\"\" data-hamburger-icon-type=\"icon\" data-responsive-breakpoint=\"1024\">            <button class=\"elementskit-menu-hamburger elementskit-menu-toggler\">\n                                    <span class=\"elementskit-menu-hamburger-icon\"><\/span><span class=\"elementskit-menu-hamburger-icon\"><\/span><span class=\"elementskit-menu-hamburger-icon\"><\/span>\n                            <\/button>\n            <div id=\"ekit-megamenu-main\" class=\"elementskit-menu-container elementskit-menu-offcanvas-elements elementskit-navbar-nav-default elementskit_line_arrow ekit-nav-menu-one-page-no\"><ul id=\"menu-main\" class=\"elementskit-navbar-nav elementskit-menu-po-center submenu-click-on-icon\"><li id=\"menu-item-592\" class=\"menu-item menu-item-type-post_type menu-item-object-page menu-item-home menu-item-592 nav-item elementskit-mobile-builder-content\" data-vertical-menu=750px><a href=\"https:\/\/www.massage-natuerligsund.ch\/\" class=\"ekit-menu-nav-link\">Home<\/a><\/li>\n<li id=\"menu-item-965\" class=\"menu-item menu-item-type-post_type menu-item-object-page menu-item-has-children menu-item-965 nav-item elementskit-dropdown-has relative_position elementskit-dropdown-menu-default_width elementskit-mobile-builder-content\" data-vertical-menu=750px><a href=\"https:\/\/www.massage-natuerligsund.ch\/?page_id=929\" class=\"ekit-menu-nav-link ekit-menu-dropdown-toggle\">Angebot<i class=\"icon icon-down-arrow1 elementskit-submenu-indicator\"><\/i><\/a>\n<ul class=\"elementskit-dropdown elementskit-submenu-panel\">\n\t<li id=\"menu-item-2037\" class=\"menu-item menu-item-type-post_type menu-item-object-page menu-item-has-children menu-item-2037 nav-item elementskit-dropdown-has relative_position elementskit-dropdown-menu-default_width elementskit-mobile-builder-content\" data-vertical-menu=750px><a href=\"https:\/\/www.massage-natuerligsund.ch\/?page_id=2032\" class=\" dropdown-item\">Pilates<i class=\"icon icon-down-arrow1 elementskit-submenu-indicator\"><\/i><\/a>\n\t<ul class=\"elementskit-dropdown elementskit-submenu-panel\">\n\t\t<li id=\"menu-item-2054\" class=\"menu-item menu-item-type-post_type menu-item-object-page menu-item-2054 nav-item elementskit-mobile-builder-content\" data-vertical-menu=750px><a href=\"https:\/\/www.massage-natuerligsund.ch\/?page_id=2038\" class=\" dropdown-item\">Lektionen \/ Tarife<\/a>\t<\/ul>\n\t<li id=\"menu-item-585\" class=\"menu-item menu-item-type-post_type menu-item-object-page menu-item-585 nav-item elementskit-mobile-builder-content\" data-vertical-menu=750px><a href=\"https:\/\/www.massage-natuerligsund.ch\/?page_id=538\" class=\" dropdown-item\">Klassische Massage<\/a>\t<li id=\"menu-item-767\" class=\"menu-item menu-item-type-post_type menu-item-object-page menu-item-767 nav-item elementskit-mobile-builder-content\" data-vertical-menu=750px><a href=\"https:\/\/www.massage-natuerligsund.ch\/?page_id=713\" class=\" dropdown-item\">Sportmassage<\/a>\t<li id=\"menu-item-766\" class=\"menu-item menu-item-type-post_type menu-item-object-page menu-item-766 nav-item elementskit-mobile-builder-content\" data-vertical-menu=750px><a href=\"https:\/\/www.massage-natuerligsund.ch\/?page_id=718\" class=\" dropdown-item\">Manuelle Triggerpunkttherapie<\/a>\t<li id=\"menu-item-765\" class=\"menu-item menu-item-type-post_type menu-item-object-page menu-item-765 nav-item elementskit-mobile-builder-content\" data-vertical-menu=750px><a href=\"https:\/\/www.massage-natuerligsund.ch\/?page_id=721\" class=\" dropdown-item\">Manuelle Lymphdrainage<\/a>\t<li id=\"menu-item-764\" class=\"menu-item menu-item-type-post_type menu-item-object-page menu-item-764 nav-item elementskit-mobile-builder-content\" data-vertical-menu=750px><a href=\"https:\/\/www.massage-natuerligsund.ch\/?page_id=724\" class=\" dropdown-item\">Bindegewebsmassage<\/a>\t<li id=\"menu-item-763\" class=\"menu-item menu-item-type-post_type menu-item-object-page menu-item-763 nav-item elementskit-mobile-builder-content\" data-vertical-menu=750px><a href=\"https:\/\/www.massage-natuerligsund.ch\/?page_id=727\" class=\" dropdown-item\">Schr\u00f6pfmassage und segmentales Schr\u00f6pfen<\/a>\t<li id=\"menu-item-762\" class=\"menu-item menu-item-type-post_type menu-item-object-page menu-item-762 nav-item elementskit-mobile-builder-content\" data-vertical-menu=750px><a href=\"https:\/\/www.massage-natuerligsund.ch\/?page_id=730\" class=\" dropdown-item\">Fussreflexzonentherapie<\/a>\t<li id=\"menu-item-761\" class=\"menu-item menu-item-type-post_type menu-item-object-page menu-item-761 nav-item elementskit-mobile-builder-content\" data-vertical-menu=750px><a href=\"https:\/\/www.massage-natuerligsund.ch\/?page_id=733\" class=\" dropdown-item\">Colonmassage<\/a>\t<li id=\"menu-item-760\" class=\"menu-item menu-item-type-post_type menu-item-object-page menu-item-760 nav-item elementskit-mobile-builder-content\" data-vertical-menu=750px><a href=\"https:\/\/www.massage-natuerligsund.ch\/?page_id=736\" class=\" dropdown-item\">Kinesio Tape<\/a><\/ul>\n<\/li>\n<li id=\"menu-item-758\" class=\"menu-item menu-item-type-post_type menu-item-object-page menu-item-758 nav-item elementskit-mobile-builder-content\" data-vertical-menu=750px><a href=\"https:\/\/www.massage-natuerligsund.ch\/?page_id=744\" class=\"ekit-menu-nav-link\">\u00dcber mich<\/a><\/li>\n<li id=\"menu-item-757\" class=\"menu-item menu-item-type-post_type menu-item-object-page menu-item-757 nav-item elementskit-mobile-builder-content\" data-vertical-menu=750px><a href=\"https:\/\/www.massage-natuerligsund.ch\/?page_id=749\" class=\"ekit-menu-nav-link\">\u00d6ffnungszeiten \/ Tarife<\/a><\/li>\n<li id=\"menu-item-589\" class=\"menu-item menu-item-type-post_type menu-item-object-page menu-item-589 nav-item elementskit-mobile-builder-content\" data-vertical-menu=750px><a href=\"https:\/\/www.massage-natuerligsund.ch\/?page_id=571\" class=\"ekit-menu-nav-link\">Online Buchung<\/a><\/li>\n<li id=\"menu-item-756\" class=\"menu-item menu-item-type-post_type menu-item-object-page menu-item-756 nav-item elementskit-mobile-builder-content\" data-vertical-menu=750px><a href=\"https:\/\/www.massage-natuerligsund.ch\/?page_id=752\" class=\"ekit-menu-nav-link\">Kontakt<\/a><\/li>\n<\/ul>\n\t\t\t\t<div class=\"elementskit-nav-identity-panel\">\n\t\t\t\t\t<div class=\"elementskit-site-title\">\n\t\t\t\t\t\t<a class=\"elementskit-nav-logo\" href=\"https:\/\/www.massage-natuerligsund.ch\" target=\"_self\" rel=\"\">\n                            <img width=\"400\" height=\"400\" src=\"https:\/\/www.massage-natuerligsund.ch\/wordpress\/wp-content\/uploads\/2021\/09\/admin-ajax.png\" class=\"attachment-full size-full\" alt=\"\" loading=\"lazy\" srcset=\"https:\/\/www.massage-natuerligsund.ch\/wordpress\/wp-content\/uploads\/2021\/09\/admin-ajax.png 400w, https:\/\/www.massage-natuerligsund.ch\/wordpress\/wp-content\/uploads\/2021\/09\/admin-ajax-300x300.png 300w, https:\/\/www.massage-natuerligsund.ch\/wordpress\/wp-content\/uploads\/2021\/09\/admin-ajax-150x150.png 150w\" sizes=\"(max-width: 400px) 100vw, 400px\" \/>\n\t\t\t\t\t\t<\/a> \n\t\t\t\t\t<\/div>\n\t\t\t\t\t<button class=\"elementskit-menu-close elementskit-menu-toggler\" type=\"button\">X<\/button>\n\t\t\t\t<\/div>\n\t\t\t<\/div><div class=\"elementskit-menu-overlay elementskit-menu-offcanvas-elements elementskit-menu-toggler ekit-nav-menu--overlay\"><\/div><\/div>\t\t<\/div>\n\t\t\t\t<\/div>\n\t\t\t\t\t\t<\/div>\n\t\t\t\t\t<\/div>\n\t\t<\/div>\n\t\t\t\t\t\t\t\t<\/div>\n\t\t\t\t\t<\/div>\n\t\t<\/section>\n\t\t\t\t<section class=\"elementor-section elementor-top-section elementor-element elementor-element-87cc24e elementor-section-full_width elementor-section-height-min-height elementor-section-height-default elementor-section-items-middle\" data-id=\"87cc24e\" data-element_type=\"section\" data-settings=\"{&quot;background_background&quot;:&quot;slideshow&quot;,&quot;background_slideshow_gallery&quot;:[{&quot;id&quot;:1884,&quot;url&quot;:&quot;https:\\\/\\\/www.massage-natuerligsund.ch\\\/wordpress\\\/wp-content\\\/uploads\\\/2022\\\/10\\\/DSC_7117-scaled.jpg&quot;},{&quot;id&quot;:1780,&quot;url&quot;:&quot;https:\\\/\\\/www.massage-natuerligsund.ch\\\/wordpress\\\/wp-content\\\/uploads\\\/2022\\\/10\\\/DSC_7155-scaled.jpg&quot;},{&quot;id&quot;:1782,&quot;url&quot;:&quot;https:\\\/\\\/www.massage-natuerligsund.ch\\\/wordpress\\\/wp-content\\\/uploads\\\/2022\\\/10\\\/DSC_7145-scaled.jpg&quot;},{&quot;id&quot;:1885,&quot;url&quot;:&quot;https:\\\/\\\/www.massage-natuerligsund.ch\\\/wordpress\\\/wp-content\\\/uploads\\\/2022\\\/10\\\/DSC_7014-scaled.jpg&quot;},{&quot;id&quot;:1874,&quot;url&quot;:&quot;https:\\\/\\\/www.massage-natuerligsund.ch\\\/wordpress\\\/wp-content\\\/uploads\\\/2022\\\/10\\\/DSC_6899-scaled.jpg&quot;},{&quot;id&quot;:1869,&quot;url&quot;:&quot;https:\\\/\\\/www.massage-natuerligsund.ch\\\/wordpress\\\/wp-content\\\/uploads\\\/2022\\\/10\\\/DSC_7099-scaled.jpg&quot;},{&quot;id&quot;:1101,&quot;url&quot;:&quot;https:\\\/\\\/www.massage-natuerligsund.ch\\\/wordpress\\\/wp-content\\\/uploads\\\/2020\\\/10\\\/PicsArt_10-28-08.18.00-1-scaled.jpg&quot;},{&quot;id&quot;:847,&quot;url&quot;:&quot;https:\\\/\\\/www.massage-natuerligsund.ch\\\/wordpress\\\/wp-content\\\/uploads\\\/2020\\\/10\\\/Praesentation1.jpg&quot;}],&quot;background_slideshow_loop&quot;:&quot;yes&quot;,&quot;background_slideshow_slide_duration&quot;:5000,&quot;background_slideshow_slide_transition&quot;:&quot;fade&quot;,&quot;background_slideshow_transition_duration&quot;:500}\">\n\t\t\t\t\t\t\t<div class=\"elementor-background-overlay\"><\/div>\n\t\t\t\t\t\t\t<div class=\"elementor-container elementor-column-gap-default\">\n\t\t\t\t\t\t\t<div class=\"elementor-row\">\n\t\t\t\t\t<div class=\"elementor-column elementor-col-100 elementor-top-column elementor-element elementor-element-e7d4fd2\" data-id=\"e7d4fd2\" data-element_type=\"column\">\n\t\t\t<div class=\"elementor-column-wrap\">\n\t\t\t\t\t\t\t<div class=\"elementor-widget-wrap\">\n\t\t\t\t\t\t\t\t<\/div>\n\t\t\t\t\t<\/div>\n\t\t<\/div>\n\t\t\t\t\t\t\t\t<\/div>\n\t\t\t\t\t<\/div>\n\t\t<\/section>\n\t\t\t\t<section class=\"elementor-section elementor-top-section elementor-element elementor-element-1603856 elementor-section-boxed elementor-section-height-default elementor-section-height-default\" data-id=\"1603856\" data-element_type=\"section\">\n\t\t\t\t\t\t<div class=\"elementor-container elementor-column-gap-default\">\n\t\t\t\t\t\t\t<div class=\"elementor-row\">\n\t\t\t\t\t<div class=\"elementor-column elementor-col-100 elementor-top-column elementor-element elementor-element-18b6a46\" data-id=\"18b6a46\" data-element_type=\"column\">\n\t\t\t<div class=\"elementor-column-wrap elementor-element-populated\">\n\t\t\t\t\t\t\t<div class=\"elementor-widget-wrap\">\n\t\t\t\t\t\t<div class=\"elementor-element elementor-element-ab2b9a7 elementor-widget elementor-widget-heading\" data-id=\"ab2b9a7\" data-element_type=\"widget\" data-widget_type=\"heading.default\">\n\t\t\t\t<div class=\"elementor-widget-container\">\n\t\t\t<h2 class=\"elementor-heading-title elementor-size-default\">Herzlich Willkommen bei Nat\u00fcrliGsund<\/h2>\t\t<\/div>\n\t\t\t\t<\/div>\n\t\t\t\t<div class=\"elementor-element elementor-element-bc6a96c elementor-widget elementor-widget-heading\" data-id=\"bc6a96c\" data-element_type=\"widget\" data-widget_type=\"heading.default\">\n\t\t\t\t<div class=\"elementor-widget-container\">\n\t\t\t<h2 class=\"elementor-heading-title elementor-size-default\">Ihre medizinische Massagepraxis im Glarnerland<\/h2>\t\t<\/div>\n\t\t\t\t<\/div>\n\t\t\t\t\t\t<\/div>\n\t\t\t\t\t<\/div>\n\t\t<\/div>\n\t\t\t\t\t\t\t\t<\/div>\n\t\t\t\t\t<\/div>\n\t\t<\/section>\n\t\t\t\t<section class=\"elementor-section elementor-top-section elementor-element elementor-element-0627ea2 elementor-section-boxed elementor-section-height-default elementor-section-height-default\" data-id=\"0627ea2\" data-element_type=\"section\">\n\t\t\t\t\t\t<div class=\"elementor-container elementor-column-gap-default\">\n\t\t\t\t\t\t\t<div class=\"elementor-row\">\n\t\t\t\t\t<div class=\"elementor-column elementor-col-100 elementor-top-column elementor-element elementor-element-3462e91\" data-id=\"3462e91\" data-element_type=\"column\">\n\t\t\t<div class=\"elementor-column-wrap elementor-element-populated\">\n\t\t\t\t\t\t\t<div class=\"elementor-widget-wrap\">\n\t\t\t\t\t\t<div class=\"elementor-element elementor-element-2ed9465 elementor-widget elementor-widget-elementskit-blog-posts\" data-id=\"2ed9465\" data-element_type=\"widget\" data-widget_type=\"elementskit-blog-posts.default\">\n\t\t\t\t<div class=\"elementor-widget-container\">\n\t\t\t<div class=\"ekit-wid-con\" >        <div id=\"post-items--2ed9465\" class=\"row post-items\">\n                    <div class=\"col-md-12\">\n\n                                    <div class=\"elementskit-blog-block-post\">\n                        <div class=\"row no-gutters\">\n                                                            <div class=\"col-md-6 order-1\">\n                                    <a href=\"https:\/\/www.massage-natuerligsund.ch\/?p=2321\" class=\"elementskit-entry-thumb\">\n                                        <img src=\"https:\/\/www.massage-natuerligsund.ch\/wordpress\/wp-content\/uploads\/2025\/02\/Neuer-1-819x1024.png\" alt=\"Neuer Standort ab M\u00e4rz\">\n                                    <\/a><!-- .elementskit-entry-thumb END -->\n                                <\/div>\n                            \n                            <div class=\"col-md-6 order-2\">\n                                <div class=\"elementskit-post-body \">\n                                    <div class=\"elementskit-entry-header\">\n                                        \n                                                                                                                                        \n                                            \n                                                                                                            <h2 class=\"entry-title\">\n                    <a href=\"https:\/\/www.massage-natuerligsund.ch\/?p=2321\">\n                            Neuer Standort ab M\u00e4rz                    <\/a>\n                <\/h2>\n                                                                                                <\/div><!-- .elementskit-entry-header END -->\n\n                                                                            <div class=\"elementskit-post-footer\">\n                                                                                            <p>Leider wird der Standort in Schwanden geschlossen. Ab M\u00e4rz 2025 wird Sabrina jeden Freitag neu in Betschwanden Kunden empfangen. Sandra wird aufgrund ihrer Mutterschaft bis zum Sommer 2025 ausfallen und nach ihrer Babypause wieder in Betschwanden f\u00fcr Sie da sein. Das Pilates-Training wird weiterhin in Schwanden angeboten. Neue Adresse: Steinigen 8, 8777 Betschwanden<\/p>\n                                                                                                                                <\/div><!-- .elementskit-post-footer END -->\n                                                                    <\/div><!-- .elementskit-post-body END -->\n                            <\/div>\n                        <\/div>\n                    <\/div><!-- .elementskit-blog-block-post .radius .gradient-bg END -->\n                \n            <\/div>\n                    <div class=\"col-md-12\">\n\n                                    <div class=\"elementskit-blog-block-post\">\n                        <div class=\"row no-gutters\">\n                                                            <div class=\"col-md-6 order-1\">\n                                    <a href=\"https:\/\/www.massage-natuerligsund.ch\/?p=2316\" class=\"elementskit-entry-thumb\">\n                                        <img src=\"https:\/\/www.massage-natuerligsund.ch\/wordpress\/wp-content\/uploads\/2025\/02\/Neuer-819x1024.png\" alt=\"Sandra geht in die Babypause\">\n                                    <\/a><!-- .elementskit-entry-thumb END -->\n                                <\/div>\n                            \n                            <div class=\"col-md-6 order-2\">\n                                <div class=\"elementskit-post-body \">\n                                    <div class=\"elementskit-entry-header\">\n                                        \n                                                                                                                                        \n                                            \n                                                                                                            <h2 class=\"entry-title\">\n                    <a href=\"https:\/\/www.massage-natuerligsund.ch\/?p=2316\">\n                            Sandra geht in die Babypause                    <\/a>\n                <\/h2>\n                                                                                                <\/div><!-- .elementskit-entry-header END -->\n\n                                                                            <div class=\"elementskit-post-footer\">\n                                                                                            <p>Sandra tritt in die Babypause ein und wird Sie im Sommer 2025 mit Freude wieder in Betschwanden begr\u00fcssen. Sabrina steht Ihnen weiterhin jeden Freitag zur Verf\u00fcgung. Ab M\u00e4rz mit neuem Standort in Betschwanden, Infos folgen.<\/p>\n                                                                                                                                <\/div><!-- .elementskit-post-footer END -->\n                                                                    <\/div><!-- .elementskit-post-body END -->\n                            <\/div>\n                        <\/div>\n                    <\/div><!-- .elementskit-blog-block-post .radius .gradient-bg END -->\n                \n            <\/div>\n                    <div class=\"col-md-12\">\n\n                                    <div class=\"elementskit-blog-block-post\">\n                        <div class=\"row no-gutters\">\n                                                            <div class=\"col-md-6 order-1\">\n                                    <a href=\"https:\/\/www.massage-natuerligsund.ch\/?p=2299\" class=\"elementskit-entry-thumb\">\n                                        <img src=\"https:\/\/www.massage-natuerligsund.ch\/wordpress\/wp-content\/uploads\/2024\/05\/Blue-Minimalist-Modern-Winter-Good-Morning-Instagram-Post-819x1024.png\" alt=\"Ferien\">\n                                    <\/a><!-- .elementskit-entry-thumb END -->\n                                <\/div>\n                            \n                            <div class=\"col-md-6 order-2\">\n                                <div class=\"elementskit-post-body \">\n                                    <div class=\"elementskit-entry-header\">\n                                        \n                                                                                                                                        \n                                            \n                                                                                                            <h2 class=\"entry-title\">\n                    <a href=\"https:\/\/www.massage-natuerligsund.ch\/?p=2299\">\n                            Ferien                    <\/a>\n                <\/h2>\n                                                                                                <\/div><!-- .elementskit-entry-header END -->\n\n                                                                            <div class=\"elementskit-post-footer\">\n                                                                                            <p>Ab dem 6.Mai 2024 bin ich telefonisch nicht erreichbar, ich nehme sehr gerne Emails entgegen. Ich danke f\u00fcr Ihr Verst\u00e4ndnis. &nbsp;<\/p>\n                                                                                                                                <\/div><!-- .elementskit-post-footer END -->\n                                                                    <\/div><!-- .elementskit-post-body END -->\n                            <\/div>\n                        <\/div>\n                    <\/div><!-- .elementskit-blog-block-post .radius .gradient-bg END -->\n                \n            <\/div>\n                <\/div>\n       <\/div>\t\t<\/div>\n\t\t\t\t<\/div>\n\t\t\t\t\t\t<\/div>\n\t\t\t\t\t<\/div>\n\t\t<\/div>\n\t\t\t\t\t\t\t\t<\/div>\n\t\t\t\t\t<\/div>\n\t\t<\/section>\n\t\t\t\t<section class=\"elementor-section elementor-top-section elementor-element elementor-element-f030ba7 elementor-section-boxed elementor-section-height-default elementor-section-height-default\" data-id=\"f030ba7\" data-element_type=\"section\">\n\t\t\t\t\t\t<div class=\"elementor-container elementor-column-gap-default\">\n\t\t\t\t\t\t\t<div class=\"elementor-row\">\n\t\t\t\t\t<div class=\"elementor-column elementor-col-100 elementor-top-column elementor-element elementor-element-cba860e\" data-id=\"cba860e\" data-element_type=\"column\">\n\t\t\t<div class=\"elementor-column-wrap elementor-element-populated\">\n\t\t\t\t\t\t\t<div class=\"elementor-widget-wrap\">\n\t\t\t\t\t\t<div class=\"elementor-element elementor-element-4f7f08e elementor-widget elementor-widget-spacer\" data-id=\"4f7f08e\" data-element_type=\"widget\" data-widget_type=\"spacer.default\">\n\t\t\t\t<div class=\"elementor-widget-container\">\n\t\t\t\t\t<div class=\"elementor-spacer\">\n\t\t\t<div class=\"elementor-spacer-inner\"><\/div>\n\t\t<\/div>\n\t\t\t\t<\/div>\n\t\t\t\t<\/div>\n\t\t\t\t\t\t<\/div>\n\t\t\t\t\t<\/div>\n\t\t<\/div>\n\t\t\t\t\t\t\t\t<\/div>\n\t\t\t\t\t<\/div>\n\t\t<\/section>\n\t\t\t\t\t\t<\/div>\n\t\t\t\t\t\t<\/div>\n\t\t\t\t\t<\/div>\n\t\t","protected":false},"excerpt":{"rendered":"<p>Home Angebot Pilates Lektionen \/ Tarife Klassische Massage Sportmassage Manuelle Triggerpunkttherapie Manuelle Lymphdrainage Bindegewebsmassage Schr\u00f6pfmassage und segmentales Schr\u00f6pfen Fussreflexzonentherapie Colonmassage Kinesio Tape \u00dcber mich Sandra Sabrina \u00d6ffnungszeiten \/ Tarife Online Buchung Kontakt X Herzlich Willkommen bei Nat\u00fcrliGsund Ihre medizinische Massagepraxis im Glarnerland Neuer Standort ab M\u00e4rz Leider wird der Standort in Schwanden geschlossen. Ab M\u00e4rz [&hellip;]<\/p>\n","protected":false},"author":1,"featured_media":0,"parent":0,"menu_order":0,"comment_status":"closed","ping_status":"closed","template":"","meta":{"_ti_tpc_template_sync":false,"_ti_tpc_template_id":""},"_links":{"self":[{"href":"https:\/\/www.massage-natuerligsund.ch\/index.php?rest_route=\/wp\/v2\/pages\/447"}],"collection":[{"href":"https:\/\/www.massage-natuerligsund.ch\/index.php?rest_route=\/wp\/v2\/pages"}],"about":[{"href":"https:\/\/www.massage-natuerligsund.ch\/index.php?rest_route=\/wp\/v2\/types\/page"}],"author":[{"embeddable":true,"href":"https:\/\/www.massage-natuerligsund.ch\/index.php?rest_route=\/wp\/v2\/users\/1"}],"replies":[{"embeddable":true,"href":"https:\/\/www.massage-natuerligsund.ch\/index.php?rest_route=%2Fwp%2Fv2%2Fcomments&post=447"}],"version-history":[{"count":220,"href":"https:\/\/www.massage-natuerligsund.ch\/index.php?rest_route=\/wp\/v2\/pages\/447\/revisions"}],"predecessor-version":[{"id":2392,"href":"https:\/\/www.massage-natuerligsund.ch\/index.php?rest_route=\/wp\/v2\/pages\/447\/revisions\/2392"}],"wp:attachment":[{"href":"https:\/\/www.massage-natuerligsund.ch\/index.php?rest_route=%2Fwp%2Fv2%2Fmedia&parent=447"}],"curies":[{"name":"wp","href":"https:\/\/api.w.org\/{rel}","templated":true}]}}