{"id":2038,"date":"2024-04-05T19:02:18","date_gmt":"2024-04-05T17:02:18","guid":{"rendered":"https:\/\/www.massage-natuerligsund.ch\/?page_id=2038"},"modified":"2024-04-16T16:24:42","modified_gmt":"2024-04-16T14:24:42","slug":"oeffnungszeiten-tarife-2","status":"publish","type":"page","link":"https:\/\/www.massage-natuerligsund.ch\/?page_id=2038","title":{"rendered":"Lektionen \/ Tarife"},"content":{"rendered":"\t\t<div data-elementor-type=\"wp-page\" data-elementor-id=\"2038\" class=\"elementor elementor-2038\" data-elementor-settings=\"[]\">\n\t\t\t\t\t\t<div class=\"elementor-inner\">\n\t\t\t\t\t\t\t<div class=\"elementor-section-wrap\">\n\t\t\t\t\t\t\t<section class=\"elementor-section elementor-top-section elementor-element elementor-element-87cc24e elementor-section-full_width elementor-section-height-min-height elementor-section-height-default elementor-section-items-middle\" data-id=\"87cc24e\" data-element_type=\"section\" data-settings=\"{&quot;background_background&quot;:&quot;classic&quot;}\">\n\t\t\t\t\t\t\t<div class=\"elementor-background-overlay\"><\/div>\n\t\t\t\t\t\t\t<div class=\"elementor-container elementor-column-gap-default\">\n\t\t\t\t\t\t\t<div class=\"elementor-row\">\n\t\t\t\t\t<div class=\"elementor-column elementor-col-100 elementor-top-column elementor-element elementor-element-1356916\" data-id=\"1356916\" data-element_type=\"column\">\n\t\t\t<div class=\"elementor-column-wrap elementor-element-populated\">\n\t\t\t\t\t\t\t<div class=\"elementor-widget-wrap\">\n\t\t\t\t\t\t<section class=\"elementor-section elementor-inner-section elementor-element elementor-element-75d2525 elementor-section-boxed elementor-section-height-default elementor-section-height-default\" data-id=\"75d2525\" data-element_type=\"section\" data-settings=\"{&quot;background_background&quot;:&quot;classic&quot;}\">\n\t\t\t\t\t\t<div class=\"elementor-container elementor-column-gap-default\">\n\t\t\t\t\t\t\t<div class=\"elementor-row\">\n\t\t\t\t\t<div class=\"elementor-column elementor-col-100 elementor-inner-column elementor-element elementor-element-c4d8414\" data-id=\"c4d8414\" data-element_type=\"column\" data-settings=\"{&quot;background_background&quot;:&quot;classic&quot;}\">\n\t\t\t<div class=\"elementor-column-wrap elementor-element-populated\">\n\t\t\t\t\t\t\t<div class=\"elementor-widget-wrap\">\n\t\t\t\t\t\t<div class=\"elementor-element elementor-element-f40eefb elementor-widget elementor-widget-heading\" data-id=\"f40eefb\" data-element_type=\"widget\" data-widget_type=\"heading.default\">\n\t\t\t\t<div class=\"elementor-widget-container\">\n\t\t\t<span class=\"elementor-heading-title elementor-size-default\">Pilates<\/span>\t\t<\/div>\n\t\t\t\t<\/div>\n\t\t\t\t\t\t<\/div>\n\t\t\t\t\t<\/div>\n\t\t<\/div>\n\t\t\t\t\t\t\t\t<\/div>\n\t\t\t\t\t<\/div>\n\t\t<\/section>\n\t\t\t\t\t\t<\/div>\n\t\t\t\t\t<\/div>\n\t\t<\/div>\n\t\t\t\t\t\t\t\t<\/div>\n\t\t\t\t\t<\/div>\n\t\t<\/section>\n\t\t\t\t<section class=\"elementor-section elementor-top-section elementor-element elementor-element-c105110 elementor-section-boxed elementor-section-height-default elementor-section-height-default\" data-id=\"c105110\" data-element_type=\"section\">\n\t\t\t\t\t\t<div class=\"elementor-container elementor-column-gap-narrow\">\n\t\t\t\t\t\t\t<div class=\"elementor-row\">\n\t\t\t\t\t<div class=\"elementor-column elementor-col-100 elementor-top-column elementor-element elementor-element-97d7286\" data-id=\"97d7286\" data-element_type=\"column\">\n\t\t\t<div class=\"elementor-column-wrap elementor-element-populated\">\n\t\t\t\t\t\t\t<div class=\"elementor-widget-wrap\">\n\t\t\t\t\t\t<section class=\"elementor-section elementor-inner-section elementor-element elementor-element-90a1218 elementor-section-boxed elementor-section-height-default elementor-section-height-default\" data-id=\"90a1218\" data-element_type=\"section\">\n\t\t\t\t\t\t<div class=\"elementor-container elementor-column-gap-default\">\n\t\t\t\t\t\t\t<div class=\"elementor-row\">\n\t\t\t\t\t<div class=\"elementor-column elementor-col-100 elementor-inner-column elementor-element elementor-element-ee00e5d\" data-id=\"ee00e5d\" data-element_type=\"column\">\n\t\t\t<div class=\"elementor-column-wrap elementor-element-populated\">\n\t\t\t\t\t\t\t<div class=\"elementor-widget-wrap\">\n\t\t\t\t\t\t<div class=\"elementor-element elementor-element-ccd8976 elementor-widget elementor-widget-text-editor\" data-id=\"ccd8976\" data-element_type=\"widget\" data-widget_type=\"text-editor.default\">\n\t\t\t\t<div class=\"elementor-widget-container\">\n\t\t\t\t\t\t\t\t<div class=\"elementor-text-editor elementor-clearfix\">\n\t\t\t\t<p><strong>Lektionen<\/strong><\/p><p>Montag\u00a0 \u00a0 \u00a0 \u00a0 \u00a0 \u00a0 \u00a0 17.45 &#8211; 18.45 Uhr<br \/>\u00a0 \u00a0 \u00a0 \u00a0 \u00a0 \u00a0 \u00a0 \u00a0 \u00a0 \u00a0 \u00a0 \u00a0 \u00a0 \u00a0 19.00 &#8211; 20.00 Uhr<br \/>Donnerstag\u00a0 \u00a0 \u00a0 \u00a0 \u00a09.00 &#8211; 10.00 Uhr<\/p><p><strong>Tarif<\/strong><\/p><p>Gruppenkurs<br \/>Einzellektion CHF 25.-<br \/>10er Abo CHF 200.-<\/p><p>Privatstunde CHF 110.-<\/p>\t\t\t\t\t<\/div>\n\t\t\t\t\t\t<\/div>\n\t\t\t\t<\/div>\n\t\t\t\t\t\t<\/div>\n\t\t\t\t\t<\/div>\n\t\t<\/div>\n\t\t\t\t\t\t\t\t<\/div>\n\t\t\t\t\t<\/div>\n\t\t<\/section>\n\t\t\t\t<div class=\"elementor-element elementor-element-be9a35b elementor-widget elementor-widget-text-editor\" data-id=\"be9a35b\" data-element_type=\"widget\" data-widget_type=\"text-editor.default\">\n\t\t\t\t<div class=\"elementor-widget-container\">\n\t\t\t\t\t\t\t\t<div class=\"elementor-text-editor elementor-clearfix\">\n\t\t\t\t<p><strong>Krankenkasse anerkannt<\/strong><\/p><p>Meine Behandlungen sind vom Erfahrungsmedizinischen Register (EMR) anerkannt.<br \/>Die finanzielle Abrechnung ist \u00fcber die Zusatzversicherung, mit oder ohne \u00e4rztliche Verordnung m\u00f6glich. <br \/>Ich empfehle Ihnen, sich vorg\u00e4ngig bei Ihrer Krankenkasse zu erkundigen, ob die von Ihnen gew\u00fcnschte Behandlungsmethode von Ihrer Zusatzversicherung abgedeckt ist. Geben Sie dazu meine ZSR-Nummer oder meinen Namen an: <strong>Sandra Schindler<\/strong>, ZSR-Nummer: <strong>U380063<\/strong><\/p>\t\t\t\t\t<\/div>\n\t\t\t\t\t\t<\/div>\n\t\t\t\t<\/div>\n\t\t\t\t\t\t<\/div>\n\t\t\t\t\t<\/div>\n\t\t<\/div>\n\t\t\t\t\t\t\t\t<\/div>\n\t\t\t\t\t<\/div>\n\t\t<\/section>\n\t\t\t\t<section class=\"elementor-section elementor-top-section elementor-element elementor-element-f777a3a elementor-section-boxed elementor-section-height-default elementor-section-height-default\" data-id=\"f777a3a\" data-element_type=\"section\">\n\t\t\t\t\t\t<div class=\"elementor-container elementor-column-gap-default\">\n\t\t\t\t\t\t\t<div class=\"elementor-row\">\n\t\t\t\t\t<div class=\"elementor-column elementor-col-100 elementor-top-column elementor-element elementor-element-223f945\" data-id=\"223f945\" data-element_type=\"column\">\n\t\t\t<div class=\"elementor-column-wrap elementor-element-populated\">\n\t\t\t\t\t\t\t<div class=\"elementor-widget-wrap\">\n\t\t\t\t\t\t<div class=\"elementor-element elementor-element-ded6bb2 elementor-widget elementor-widget-spacer\" data-id=\"ded6bb2\" data-element_type=\"widget\" data-widget_type=\"spacer.default\">\n\t\t\t\t<div class=\"elementor-widget-container\">\n\t\t\t\t\t<div class=\"elementor-spacer\">\n\t\t\t<div class=\"elementor-spacer-inner\"><\/div>\n\t\t<\/div>\n\t\t\t\t<\/div>\n\t\t\t\t<\/div>\n\t\t\t\t\t\t<\/div>\n\t\t\t\t\t<\/div>\n\t\t<\/div>\n\t\t\t\t\t\t\t\t<\/div>\n\t\t\t\t\t<\/div>\n\t\t<\/section>\n\t\t\t\t\t\t<\/div>\n\t\t\t\t\t\t<\/div>\n\t\t\t\t\t<\/div>\n\t\t","protected":false},"excerpt":{"rendered":"<p>Pilates Lektionen Montag\u00a0 \u00a0 \u00a0 \u00a0 \u00a0 \u00a0 \u00a0 17.45 &#8211; 18.45 Uhr\u00a0 \u00a0 \u00a0 \u00a0 \u00a0 \u00a0 \u00a0 \u00a0 \u00a0 \u00a0 \u00a0 \u00a0 \u00a0 \u00a0 19.00 &#8211; 20.00 UhrDonnerstag\u00a0 \u00a0 \u00a0 \u00a0 \u00a09.00 &#8211; 10.00 Uhr Tarif GruppenkursEinzellektion CHF 25.-10er Abo CHF 200.- Privatstunde CHF 110.- Krankenkasse anerkannt Meine Behandlungen sind vom Erfahrungsmedizinischen Register [&hellip;]<\/p>\n","protected":false},"author":1,"featured_media":0,"parent":0,"menu_order":0,"comment_status":"closed","ping_status":"closed","template":"elementor_header_footer","meta":{"_ti_tpc_template_sync":false,"_ti_tpc_template_id":""},"_links":{"self":[{"href":"https:\/\/www.massage-natuerligsund.ch\/index.php?rest_route=\/wp\/v2\/pages\/2038"}],"collection":[{"href":"https:\/\/www.massage-natuerligsund.ch\/index.php?rest_route=\/wp\/v2\/pages"}],"about":[{"href":"https:\/\/www.massage-natuerligsund.ch\/index.php?rest_route=\/wp\/v2\/types\/page"}],"author":[{"embeddable":true,"href":"https:\/\/www.massage-natuerligsund.ch\/index.php?rest_route=\/wp\/v2\/users\/1"}],"replies":[{"embeddable":true,"href":"https:\/\/www.massage-natuerligsund.ch\/index.php?rest_route=%2Fwp%2Fv2%2Fcomments&post=2038"}],"version-history":[{"count":34,"href":"https:\/\/www.massage-natuerligsund.ch\/index.php?rest_route=\/wp\/v2\/pages\/2038\/revisions"}],"predecessor-version":[{"id":2298,"href":"https:\/\/www.massage-natuerligsund.ch\/index.php?rest_route=\/wp\/v2\/pages\/2038\/revisions\/2298"}],"wp:attachment":[{"href":"https:\/\/www.massage-natuerligsund.ch\/index.php?rest_route=%2Fwp%2Fv2%2Fmedia&parent=2038"}],"curies":[{"name":"wp","href":"https:\/\/api.w.org\/{rel}","templated":true}]}}